{"id":1400,"date":"2017-10-11T14:47:29","date_gmt":"2017-10-11T12:47:29","guid":{"rendered":"http:\/\/anexph.pl\/?page_id=1400"},"modified":"2018-01-19T13:59:12","modified_gmt":"2018-01-19T12:59:12","slug":"produkcja","status":"publish","type":"page","link":"http:\/\/anexph.pl\/index.php\/produkcja\/","title":{"rendered":"produkcja"},"content":{"rendered":"<p>[et_pb_section admin_label=&#8221;Sekcja&#8221; fullwidth=&#8221;on&#8221; specialty=&#8221;off&#8221; transparent_background=&#8221;off&#8221; background_color=&#8221;#572bb6&#8243; allow_player_pause=&#8221;off&#8221; inner_shadow=&#8221;off&#8221; parallax=&#8221;off&#8221; parallax_method=&#8221;off&#8221; make_fullwidth=&#8221;off&#8221; use_custom_width=&#8221;off&#8221; width_unit=&#8221;on&#8221; make_equal=&#8221;off&#8221; use_custom_gutter=&#8221;off&#8221;][et_pb_fullwidth_header admin_label=&#8221;Nag\u0142\u00f3wek pe\u0142nej szeroko\u015bci&#8221; title=&#8221;SUROWCE DO PRODUKCJI LOD\u00d3W I CIAST&#8221; background_layout=&#8221;light&#8221; text_orientation=&#8221;center&#8221; header_fullscreen=&#8221;off&#8221; header_scroll_down=&#8221;off&#8221; parallax=&#8221;off&#8221; parallax_method=&#8221;off&#8221; content_orientation=&#8221;center&#8221; image_orientation=&#8221;center&#8221; custom_button_one=&#8221;off&#8221; button_one_letter_spacing=&#8221;0&#8243; button_one_use_icon=&#8221;default&#8221; button_one_icon_placement=&#8221;right&#8221; button_one_on_hover=&#8221;on&#8221; button_one_letter_spacing_hover=&#8221;0&#8243; custom_button_two=&#8221;off&#8221; button_two_letter_spacing=&#8221;0&#8243; button_two_use_icon=&#8221;default&#8221; button_two_icon_placement=&#8221;right&#8221; button_two_on_hover=&#8221;on&#8221; button_two_letter_spacing_hover=&#8221;0&#8243; title_font_color=&#8221;#ffffff&#8221;] [\/et_pb_fullwidth_header][\/et_pb_section][et_pb_section admin_label=&#8221;section&#8221;][et_pb_row admin_label=&#8221;Wiersz&#8221;][et_pb_column type=&#8221;1_3&#8243;][et_pb_image admin_label=&#8221;Obraz&#8221; src=&#8221;http:\/\/anexph.pl\/wp-content\/uploads\/2018\/01\/FullSizeRender-1.jpg&#8221; show_in_lightbox=&#8221;off&#8221; url_new_window=&#8221;off&#8221; use_overlay=&#8221;off&#8221; animation=&#8221;left&#8221; sticky=&#8221;off&#8221; align=&#8221;left&#8221; force_fullwidth=&#8221;off&#8221; always_center_on_mobile=&#8221;on&#8221; use_border_color=&#8221;off&#8221; border_color=&#8221;#ffffff&#8221; border_style=&#8221;solid&#8221;]<\/p>\n<p>&nbsp;<\/p>\n<p>[\/et_pb_image][et_pb_image admin_label=&#8221;Obraz&#8221; src=&#8221;http:\/\/anexph.pl\/wp-content\/uploads\/2018\/01\/FOTO-18-DZIA\u0141-LODZIARNIA-1-1.jpg&#8221; show_in_lightbox=&#8221;off&#8221; url_new_window=&#8221;off&#8221; use_overlay=&#8221;off&#8221; animation=&#8221;left&#8221; sticky=&#8221;off&#8221; align=&#8221;left&#8221; force_fullwidth=&#8221;off&#8221; always_center_on_mobile=&#8221;on&#8221; use_border_color=&#8221;off&#8221; border_color=&#8221;#ffffff&#8221; border_style=&#8221;solid&#8221;] [\/et_pb_image][\/et_pb_column][et_pb_column type=&#8221;1_3&#8243;][et_pb_text admin_label=&#8221;Tekst&#8221; background_layout=&#8221;light&#8221; text_orientation=&#8221;left&#8221; use_border_color=&#8221;off&#8221; border_color=&#8221;#ffffff&#8221; border_style=&#8221;solid&#8221;]<\/p>\n<h4><strong><span style=\"color: #0000ff;\">BAZY DO LOD\u00d3W<\/span><br \/>\n<\/strong><span style=\"color: #000000;\">PONAD 100 BAZ LOD\u00d3W MLECZNYCH , OWOCOWYCH , SORBETOWYCH<\/span><\/h4>\n<p><span style=\"color: #000000;\">* BAZY FIT<\/span><br \/>\n<span style=\"color: #000000;\"> * BAZY WEGA\u0143SKIE<\/span><br \/>\n<span style=\"color: #000000;\"> * BAZY GASTRONOMICZNE<\/span><br \/>\n<span style=\"color: #000000;\"> * BAZY DLA DIABETYK\u00d3W<\/span><br \/>\n<span style=\"color: #000000;\"> * BAZY BEZGLUTENOWE<\/span><br \/>\n<span style=\"color: #000000;\"> * MLEKO , DEKSTROZA, SYROP GLUKOZOWY<\/span><\/p>\n<h4><span style=\"color: #0000ff;\"><strong>SPEEDY<\/strong><\/span> &#8211; PONAD 40 SMAK\u00d3W TZW. SZYBKICH LOD\u00d3W<\/h4>\n<h4><span style=\"color: #0000ff;\"><strong>KOMPOZYCJE SMAKOWE<\/strong><\/span> &#8211; PONAD 300 SMAK\u00d3W DO LOD\u00d3W I CIAST<\/h4>\n<h4><span style=\"color: #0000ff;\"><strong>PROSZKI DO AUTOMAT\u00d3W<\/strong><\/span> &#8211; PONAD 100 WARIANT\u00d3W<\/h4>\n<p><span style=\"color: #000000;\">* \u015aWIDRY<\/span><br \/>\n<span style=\"color: #000000;\"> * SOFTY<\/span><br \/>\n<span style=\"color: #000000;\"> * JOGURTY MRO\u017bONE<\/span><br \/>\n<span style=\"color: #000000;\"> * SORBETY<\/span><\/p>\n<h4><span style=\"color: #0000ff;\"><strong>STABILIZATORY DO \u015aMIETANY<\/strong><\/span><\/h4>\n<p>[\/et_pb_text][\/et_pb_column][et_pb_column type=&#8221;1_3&#8243;][et_pb_image admin_label=&#8221;Obraz&#8221; src=&#8221;http:\/\/anexph.pl\/wp-content\/uploads\/2018\/01\/DSC01022-1.jpg&#8221; show_in_lightbox=&#8221;off&#8221; url_new_window=&#8221;off&#8221; use_overlay=&#8221;off&#8221; animation=&#8221;left&#8221; sticky=&#8221;off&#8221; align=&#8221;left&#8221; force_fullwidth=&#8221;off&#8221; always_center_on_mobile=&#8221;on&#8221; use_border_color=&#8221;off&#8221; border_color=&#8221;#ffffff&#8221; border_style=&#8221;solid&#8221;]<\/p>\n<p>&nbsp;<\/p>\n<p>[\/et_pb_image][et_pb_image admin_label=&#8221;Obraz&#8221; src=&#8221;http:\/\/anexph.pl\/wp-content\/uploads\/2018\/01\/FOTO-19-DZIAL-LODZIARSKI-1.jpg&#8221; show_in_lightbox=&#8221;off&#8221; url_new_window=&#8221;off&#8221; use_overlay=&#8221;off&#8221; animation=&#8221;left&#8221; sticky=&#8221;off&#8221; align=&#8221;left&#8221; force_fullwidth=&#8221;off&#8221; always_center_on_mobile=&#8221;on&#8221; use_border_color=&#8221;off&#8221; border_color=&#8221;#ffffff&#8221; border_style=&#8221;solid&#8221;] [\/et_pb_image][\/et_pb_column][\/et_pb_row][\/et_pb_section][et_pb_section admin_label=&#8221;Sekcja&#8221; global_module=&#8221;1331&#8243; fullwidth=&#8221;off&#8221; specialty=&#8221;off&#8221; transparent_background=&#8221;off&#8221; allow_player_pause=&#8221;off&#8221; inner_shadow=&#8221;off&#8221; parallax=&#8221;off&#8221; parallax_method=&#8221;off&#8221; make_fullwidth=&#8221;off&#8221; use_custom_width=&#8221;off&#8221; width_unit=&#8221;on&#8221; make_equal=&#8221;off&#8221; use_custom_gutter=&#8221;off&#8221;][et_pb_row global_parent=&#8221;1331&#8243; admin_label=&#8221;Wiersz&#8221;][et_pb_column type=&#8221;4_4&#8243;][et_pb_divider global_parent=&#8221;1331&#8243; admin_label=&#8221;Separator&#8221; color=&#8221;#000000&#8243; show_divider=&#8221;on&#8221; divider_style=&#8221;solid&#8221; divider_position=&#8221;top&#8221; hide_on_mobile=&#8221;on&#8221;] [\/et_pb_divider][et_pb_text global_parent=&#8221;1331&#8243; admin_label=&#8221;Tekst&#8221; background_layout=&#8221;dark&#8221; text_orientation=&#8221;center&#8221; use_border_color=&#8221;off&#8221; border_color=&#8221;#ffffff&#8221; border_style=&#8221;solid&#8221;]<\/p>\n<h3 style=\"text-align: center;\"><strong><span style=\"color: #ff0000;\">ZAM\u00d3WIENIA<\/span><\/strong><\/h3>\n<p>[\/et_pb_text][\/et_pb_column][\/et_pb_row][et_pb_row global_parent=&#8221;1331&#8243; admin_label=&#8221;Wiersz&#8221;][et_pb_column type=&#8221;1_2&#8243;][et_pb_text global_parent=&#8221;1331&#8243; admin_label=&#8221;Tekst&#8221; background_layout=&#8221;light&#8221; text_orientation=&#8221;right&#8221; use_border_color=&#8221;off&#8221; border_color=&#8221;#ffffff&#8221; border_style=&#8221;solid&#8221;]<\/p>\n<h4><strong><span style=\"color: #0000ff;\">ODDZIA\u0141 KAMIE\u0143 POMORSKI<\/span><br \/>\n<\/strong><\/h4>\n<p><strong>ul. Chopina 69<\/strong><\/p>\n<p><strong>tel. +48 91 32 20 748<br \/>\n<\/strong><strong>kom. +48 519 162 022<\/strong><\/p>\n<p><strong>e-mail: <a href=\"mailto:sprzedaz@anexph.pl\">sprzedaz@anexph.pl<\/a><\/strong><\/p>\n<p>[\/et_pb_text][\/et_pb_column][et_pb_column type=&#8221;1_2&#8243;][et_pb_text global_parent=&#8221;1331&#8243; admin_label=&#8221;Tekst&#8221; background_layout=&#8221;light&#8221; text_orientation=&#8221;left&#8221; use_border_color=&#8221;off&#8221; border_color=&#8221;#ffffff&#8221; border_style=&#8221;solid&#8221;]<\/p>\n<h4><span style=\"color: #0000ff;\"><strong>ODDZIA\u0141 SZCZECIN<\/strong><\/span><\/h4>\n<p><strong>ul. Modra 32<\/strong><\/p>\n<p><strong>tel. +48 91 420 11 77<br \/>\n<\/strong><strong>kom. +48 519 162 024<\/strong><\/p>\n<p><strong>e-mail: <a href=\"mailto:info@anexph.pl\">info@anexph.pl<\/a><\/strong><\/p>\n<p>[\/et_pb_text][\/et_pb_column][\/et_pb_row][\/et_pb_section]<\/p>\n","protected":false},"excerpt":{"rendered":"<p>[et_pb_section admin_label=&#8221;Sekcja&#8221; fullwidth=&#8221;on&#8221; specialty=&#8221;off&#8221; transparent_background=&#8221;off&#8221; background_color=&#8221;#572bb6&#8243; allow_player_pause=&#8221;off&#8221; inner_shadow=&#8221;off&#8221; parallax=&#8221;off&#8221; parallax_method=&#8221;off&#8221; make_fullwidth=&#8221;off&#8221; use_custom_width=&#8221;off&#8221; width_unit=&#8221;on&#8221; make_equal=&#8221;off&#8221; use_custom_gutter=&#8221;off&#8221;][et_pb_fullwidth_header admin_label=&#8221;Nag\u0142\u00f3wek pe\u0142nej szeroko\u015bci&#8221; title=&#8221;SUROWCE DO PRODUKCJI LOD\u00d3W I CIAST&#8221; background_layout=&#8221;light&#8221; text_orientation=&#8221;center&#8221; header_fullscreen=&#8221;off&#8221; header_scroll_down=&#8221;off&#8221; parallax=&#8221;off&#8221; parallax_method=&#8221;off&#8221; content_orientation=&#8221;center&#8221; image_orientation=&#8221;center&#8221; custom_button_one=&#8221;off&#8221; button_one_letter_spacing=&#8221;0&#8243; button_one_use_icon=&#8221;default&#8221; button_one_icon_placement=&#8221;right&#8221; button_one_on_hover=&#8221;on&#8221; button_one_letter_spacing_hover=&#8221;0&#8243; custom_button_two=&#8221;off&#8221; button_two_letter_spacing=&#8221;0&#8243; button_two_use_icon=&#8221;default&#8221; button_two_icon_placement=&#8221;right&#8221; button_two_on_hover=&#8221;on&#8221; button_two_letter_spacing_hover=&#8221;0&#8243; title_font_color=&#8221;#ffffff&#8221;] [\/et_pb_fullwidth_header][\/et_pb_section][et_pb_section admin_label=&#8221;section&#8221;][et_pb_row admin_label=&#8221;Wiersz&#8221;][et_pb_column type=&#8221;1_3&#8243;][et_pb_image admin_label=&#8221;Obraz&#8221; src=&#8221;http:\/\/anexph.pl\/wp-content\/uploads\/2018\/01\/FullSizeRender-1.jpg&#8221; show_in_lightbox=&#8221;off&#8221; url_new_window=&#8221;off&#8221; use_overlay=&#8221;off&#8221; animation=&#8221;left&#8221; [&hellip;]<\/p>\n","protected":false},"author":2,"featured_media":0,"parent":0,"menu_order":0,"comment_status":"closed","ping_status":"closed","template":"","meta":[],"_links":{"self":[{"href":"http:\/\/anexph.pl\/index.php\/wp-json\/wp\/v2\/pages\/1400"}],"collection":[{"href":"http:\/\/anexph.pl\/index.php\/wp-json\/wp\/v2\/pages"}],"about":[{"href":"http:\/\/anexph.pl\/index.php\/wp-json\/wp\/v2\/types\/page"}],"author":[{"embeddable":true,"href":"http:\/\/anexph.pl\/index.php\/wp-json\/wp\/v2\/users\/2"}],"replies":[{"embeddable":true,"href":"http:\/\/anexph.pl\/index.php\/wp-json\/wp\/v2\/comments?post=1400"}],"version-history":[{"count":26,"href":"http:\/\/anexph.pl\/index.php\/wp-json\/wp\/v2\/pages\/1400\/revisions"}],"predecessor-version":[{"id":2358,"href":"http:\/\/anexph.pl\/index.php\/wp-json\/wp\/v2\/pages\/1400\/revisions\/2358"}],"wp:attachment":[{"href":"http:\/\/anexph.pl\/index.php\/wp-json\/wp\/v2\/media?parent=1400"}],"curies":[{"name":"wp","href":"https:\/\/api.w.org\/{rel}","templated":true}]}}