{"id":2050,"date":"2017-12-14T11:22:36","date_gmt":"2017-12-14T10:22:36","guid":{"rendered":"http:\/\/anexph.pl\/?page_id=2050"},"modified":"2018-01-19T13:38:02","modified_gmt":"2018-01-19T12:38:02","slug":"aktualnosci-1","status":"publish","type":"page","link":"https:\/\/anexph.pl\/index.php\/aktualnosci-1\/","title":{"rendered":"Aktualno\u015bci 1"},"content":{"rendered":"<p>[et_pb_section admin_label=&#8221;section&#8221;][et_pb_row admin_label=&#8221;row&#8221; make_fullwidth=&#8221;off&#8221; use_custom_width=&#8221;off&#8221; width_unit=&#8221;on&#8221; use_custom_gutter=&#8221;off&#8221; allow_player_pause=&#8221;off&#8221; parallax=&#8221;off&#8221; parallax_method=&#8221;off&#8221; make_equal=&#8221;off&#8221; parallax_1=&#8221;off&#8221; parallax_method_1=&#8221;off&#8221;][et_pb_column type=&#8221;4_4&#8243;][et_pb_text admin_label=&#8221;aktualno\u015bci&#8221; background_layout=&#8221;light&#8221; text_orientation=&#8221;left&#8221; text_font=&#8221;Arial|||on|&#8221; text_font_size=&#8221;42&#8243; text_text_color=&#8221;#65a571&#8243; use_border_color=&#8221;off&#8221; border_color=&#8221;#ffffff&#8221; border_style=&#8221;solid&#8221; custom_margin=&#8221;|||125px&#8221; header_font_size=&#8221;50px&#8221;]<\/p>\n<h1 style=\"text-align: center;\"><span style=\"color: #008000;\"><strong>AKTUALNO\u015aCI<\/strong><\/span><\/h1>\n<p>[\/et_pb_text][et_pb_divider admin_label=&#8221;Separator&#8221; color=&#8221;#000000&#8243; show_divider=&#8221;on&#8221; divider_style=&#8221;solid&#8221; divider_position=&#8221;top&#8221; hide_on_mobile=&#8221;on&#8221;]<\/p>\n<p>&nbsp;<\/p>\n<p>[\/et_pb_divider][\/et_pb_column][\/et_pb_row][et_pb_row admin_label=&#8221;Wiersz&#8221;][et_pb_column type=&#8221;4_4&#8243;][et_pb_code admin_label=&#8221;Kod&#8221;]<div class=\"pt-cv-wrapper et_smooth_scroll_disabled\"><div class=\"pt-cv-view pt-cv-grid pt-cv-colsys\" id=\"pt-cv-view-20aa0949wy\"><div data-id=\"pt-cv-page-1\" class=\"pt-cv-page\" data-cvc=\"1\"><div class=\"col-md-12 col-sm-12 col-xs-12 pt-cv-content-item pt-cv-2-col\" ><div class='pt-cv-ifield'><a href=\"https:\/\/anexph.pl\/index.php\/2019\/03\/13\/nowosci-2019\/\" class=\"_self pt-cv-href-thumbnail pt-cv-thumb-left\" target=\"_self\" ><img width=\"300\" height=\"225\" src=\"https:\/\/anexph.pl\/wp-content\/uploads\/2019\/03\/monin-2019-nowo\u015bci-300x225.jpg\" class=\"pt-cv-thumbnail pull-left\" alt=\"\" loading=\"lazy\" srcset=\"https:\/\/anexph.pl\/wp-content\/uploads\/2019\/03\/monin-2019-nowo\u015bci-300x225.jpg 300w, https:\/\/anexph.pl\/wp-content\/uploads\/2019\/03\/monin-2019-nowo\u015bci-768x576.jpg 768w, https:\/\/anexph.pl\/wp-content\/uploads\/2019\/03\/monin-2019-nowo\u015bci-510x382.jpg 510w, https:\/\/anexph.pl\/wp-content\/uploads\/2019\/03\/monin-2019-nowo\u015bci.jpg 800w\" sizes=\"(max-width: 300px) 100vw, 300px\" \/><\/a>\n<h4 class=\"pt-cv-title\"><a href=\"https:\/\/anexph.pl\/index.php\/2019\/03\/13\/nowosci-2019\/\" class=\"_self\" target=\"_self\" >NOWO\u015aCI 2019<\/a><\/h4>\n<div class=\"pt-cv-content\">W ofercie nowe smaki syrop\u00f3w Monin. Zach\u0119camy do zapoznania si\u0119 z nasz\u0105 ofert\u0105 ...<br \/><a href=\"https:\/\/anexph.pl\/index.php\/2019\/03\/13\/nowosci-2019\/\" class=\"_self pt-cv-readmore btn btn-success\" target=\"_self\">Czytaj Dalej<\/a><\/div><\/div><\/div>\n<div class=\"col-md-12 col-sm-12 col-xs-12 pt-cv-content-item pt-cv-2-col\" ><div class='pt-cv-ifield'><a href=\"https:\/\/anexph.pl\/index.php\/2019\/03\/13\/rozpocznij-z-nami-sezon\/\" class=\"_self pt-cv-href-thumbnail pt-cv-thumb-left\" target=\"_self\" ><img width=\"300\" height=\"218\" src=\"https:\/\/anexph.pl\/wp-content\/uploads\/2019\/03\/ulotka-inf-t\u0142o-300x218.jpg\" class=\"pt-cv-thumbnail pull-left\" alt=\"\" loading=\"lazy\" srcset=\"https:\/\/anexph.pl\/wp-content\/uploads\/2019\/03\/ulotka-inf-t\u0142o-300x218.jpg 300w, https:\/\/anexph.pl\/wp-content\/uploads\/2019\/03\/ulotka-inf-t\u0142o.jpg 702w\" sizes=\"(max-width: 300px) 100vw, 300px\" \/><\/a>\n<h4 class=\"pt-cv-title\"><a href=\"https:\/\/anexph.pl\/index.php\/2019\/03\/13\/rozpocznij-z-nami-sezon\/\" class=\"_self\" target=\"_self\" >ROZPOCZNIJ Z NAMI SEZON !<\/a><\/h4>\n<div class=\"pt-cv-content\">W sezonie dzia\u0142asz nad morzem w bran\u017cy gastronomicznej? Prowadzisz kawiarni\u0119, lodziarni\u0119 lub bar? Ju\u017c czas zaplanowa\u0107 sw\u00f3j sukces z Nami! ...<br \/><a href=\"https:\/\/anexph.pl\/index.php\/2019\/03\/13\/rozpocznij-z-nami-sezon\/\" class=\"_self pt-cv-readmore btn btn-success\" target=\"_self\">Czytaj Dalej<\/a><\/div><\/div><\/div>\n<div class=\"col-md-12 col-sm-12 col-xs-12 pt-cv-content-item pt-cv-2-col\" ><div class='pt-cv-ifield'><a href=\"https:\/\/anexph.pl\/index.php\/2019\/03\/13\/uwaga-nowe-godziny-otwarcia-2\/\" class=\"_self pt-cv-href-thumbnail pt-cv-thumb-left\" target=\"_self\" ><img width=\"300\" height=\"277\" src=\"https:\/\/anexph.pl\/wp-content\/uploads\/2019\/03\/zegar-300x277.jpg\" class=\"pt-cv-thumbnail pull-left\" alt=\"\" loading=\"lazy\" \/><\/a>\n<h4 class=\"pt-cv-title\"><a href=\"https:\/\/anexph.pl\/index.php\/2019\/03\/13\/uwaga-nowe-godziny-otwarcia-2\/\" class=\"_self\" target=\"_self\" >UWAGA! &#8211; NOWE GODZINY OTWARCIA<\/a><\/h4>\n<div class=\"pt-cv-content\">Czas zacz\u0105\u0107 przygotowania do WIOSNY oraz SEZONU LETNIEGO. W zwi\u0105zku z tym informujemy Pa\u0144stwa, \u017ce od dnia 11.03.2019 r. hurtownia ...<br \/><a href=\"https:\/\/anexph.pl\/index.php\/2019\/03\/13\/uwaga-nowe-godziny-otwarcia-2\/\" class=\"_self pt-cv-readmore btn btn-success\" target=\"_self\">Czytaj Dalej<\/a><\/div><\/div><\/div>\n<div class=\"col-md-12 col-sm-12 col-xs-12 pt-cv-content-item pt-cv-2-col\" ><div class='pt-cv-ifield'><a href=\"https:\/\/anexph.pl\/index.php\/2018\/04\/18\/poszukujesz-pracy-zglos-sie-do-nas\/\" class=\"_self pt-cv-href-thumbnail pt-cv-thumb-left\" target=\"_self\" ><img width=\"300\" height=\"238\" src=\"https:\/\/anexph.pl\/wp-content\/uploads\/2018\/04\/Szukasz-pracy-strona-Anex-Kamie\u0144-300x238.jpg\" class=\"pt-cv-thumbnail pull-left\" alt=\"\" loading=\"lazy\" srcset=\"https:\/\/anexph.pl\/wp-content\/uploads\/2018\/04\/Szukasz-pracy-strona-Anex-Kamie\u0144-300x238.jpg 300w, https:\/\/anexph.pl\/wp-content\/uploads\/2018\/04\/Szukasz-pracy-strona-Anex-Kamie\u0144-768x610.jpg 768w, https:\/\/anexph.pl\/wp-content\/uploads\/2018\/04\/Szukasz-pracy-strona-Anex-Kamie\u0144-1024x813.jpg 1024w, https:\/\/anexph.pl\/wp-content\/uploads\/2018\/04\/Szukasz-pracy-strona-Anex-Kamie\u0144-1080x858.jpg 1080w, https:\/\/anexph.pl\/wp-content\/uploads\/2018\/04\/Szukasz-pracy-strona-Anex-Kamie\u0144.jpg 1200w\" sizes=\"(max-width: 300px) 100vw, 300px\" \/><\/a>\n<h4 class=\"pt-cv-title\"><a href=\"https:\/\/anexph.pl\/index.php\/2018\/04\/18\/poszukujesz-pracy-zglos-sie-do-nas\/\" class=\"_self\" target=\"_self\" >POSZUKUJESZ PRACY? &#8211; ZG\u0141O\u015a SI\u0118 DO NAS!<\/a><\/h4>\n<div class=\"pt-cv-content\"> ...<br \/><a href=\"https:\/\/anexph.pl\/index.php\/2018\/04\/18\/poszukujesz-pracy-zglos-sie-do-nas\/\" class=\"_self pt-cv-readmore btn btn-success\" target=\"_self\">Czytaj Dalej<\/a><\/div><\/div><\/div>\n<div class=\"col-md-12 col-sm-12 col-xs-12 pt-cv-content-item pt-cv-2-col\" ><div class='pt-cv-ifield'><a href=\"https:\/\/anexph.pl\/index.php\/2018\/04\/16\/rozki-do-gofrow-babelkowych\/\" class=\"_self pt-cv-href-thumbnail pt-cv-thumb-left\" target=\"_self\" ><img width=\"300\" height=\"211\" src=\"https:\/\/anexph.pl\/wp-content\/uploads\/2018\/04\/ro\u017cki-do-gofr\u00f3w-STRONA-300x211.jpg\" class=\"pt-cv-thumbnail pull-left\" alt=\"\" loading=\"lazy\" srcset=\"https:\/\/anexph.pl\/wp-content\/uploads\/2018\/04\/ro\u017cki-do-gofr\u00f3w-STRONA-300x211.jpg 300w, https:\/\/anexph.pl\/wp-content\/uploads\/2018\/04\/ro\u017cki-do-gofr\u00f3w-STRONA-768x540.jpg 768w, https:\/\/anexph.pl\/wp-content\/uploads\/2018\/04\/ro\u017cki-do-gofr\u00f3w-STRONA-1024x719.jpg 1024w, https:\/\/anexph.pl\/wp-content\/uploads\/2018\/04\/ro\u017cki-do-gofr\u00f3w-STRONA-1080x759.jpg 1080w, https:\/\/anexph.pl\/wp-content\/uploads\/2018\/04\/ro\u017cki-do-gofr\u00f3w-STRONA.jpg 1200w\" sizes=\"(max-width: 300px) 100vw, 300px\" \/><\/a>\n<h4 class=\"pt-cv-title\"><a href=\"https:\/\/anexph.pl\/index.php\/2018\/04\/16\/rozki-do-gofrow-babelkowych\/\" class=\"_self\" target=\"_self\" >RO\u017bKI DO GOFR\u00d3W B\u0104BELKOWYCH<\/a><\/h4>\n<div class=\"pt-cv-content\"> ...<br \/><a href=\"https:\/\/anexph.pl\/index.php\/2018\/04\/16\/rozki-do-gofrow-babelkowych\/\" class=\"_self pt-cv-readmore btn btn-success\" target=\"_self\">Czytaj Dalej<\/a><\/div><\/div><\/div><\/div><\/div>\n<div class=\" pt-cv-pagination-wrapper\"><ul class=\"pt-cv-pagination pt-cv-ajax pagination\" data-totalpages=\"2\" data-currentpage=\"1\" data-sid=\"20aa0949wy\" data-unid=\"\"><li class=\"active\"><a href=\"#\">1<\/a><\/li>\n\t<li ><a class=\"\" href=\"https:\/\/anexph.pl\/index.php\/wp-json\/wp\/v2\/pages\/2050\/?_page=2\">2<\/a><\/li>\n\t<li ><a class=\" \" href=\"https:\/\/anexph.pl\/index.php\/wp-json\/wp\/v2\/pages\/2050\/?_page=2\">&rsaquo;<\/a><\/li>\n\t<\/ul><img width=\"15\" height=\"15\" class=\"pt-cv-spinner\" alt=\"Loading...\" src=\"data:image\/gif;base64,R0lGODlhDwAPALMPAMrKygwMDJOTkz09PZWVla+vr3p6euTk5M7OzuXl5TMzMwAAAJmZmWZmZszMzP\/\/\/yH\/C05FVFNDQVBFMi4wAwEAAAAh+QQFCgAPACwAAAAADwAPAAAEQvDJaZaZOIcV8iQK8VRX4iTYoAwZ4iCYoAjZ4RxejhVNoT+mRGP4cyF4Pp0N98sBGIBMEMOotl6YZ3S61Bmbkm4mAgAh+QQFCgAPACwAAAAADQANAAAENPDJSRSZeA418itN8QiK8BiLITVsFiyBBIoYqnoewAD4xPw9iY4XLGYSjkQR4UAUD45DLwIAIfkEBQoADwAsAAAAAA8ACQAABC\/wyVlamTi3nSdgwFNdhEJgTJoNyoB9ISYoQmdjiZPcj7EYCAeCF1gEDo4Dz2eIAAAh+QQFCgAPACwCAAAADQANAAAEM\/DJBxiYeLKdX3IJZT1FU0iIg2RNKx3OkZVnZ98ToRD4MyiDnkAh6BkNC0MvsAj0kMpHBAAh+QQFCgAPACwGAAAACQAPAAAEMDC59KpFDll73HkAA2wVY5KgiK5b0RRoI6MuzG6EQqCDMlSGheEhUAgqgUUAFRySIgAh+QQFCgAPACwCAAIADQANAAAEM\/DJKZNLND\/kkKaHc3xk+QAMYDKsiaqmZCxGVjSFFCxB1vwy2oOgIDxuucxAMTAJFAJNBAAh+QQFCgAPACwAAAYADwAJAAAEMNAs86q1yaWwwv2Ig0jUZx3OYa4XoRAfwADXoAwfo1+CIjyFRuEho60aSNYlOPxEAAAh+QQFCgAPACwAAAIADQANAAAENPA9s4y8+IUVcqaWJ4qEQozSoAzoIyhCK2NFU2SJk0hNnyEOhKR2AzAAj4Pj4GE4W0bkJQIAOw==\" \/><div class=\"clear pt-cv-clear-pagination\"><\/div><\/div><\/div>[\/et_pb_code][\/et_pb_column][\/et_pb_row][\/et_pb_section][et_pb_section admin_label=&#8221;Sekcja&#8221; fullwidth=&#8221;off&#8221; specialty=&#8221;off&#8221;][et_pb_row admin_label=&#8221;Wiersz&#8221;][et_pb_column type=&#8221;1_2&#8243;][\/et_pb_column][et_pb_column type=&#8221;1_2&#8243;][et_pb_button admin_label=&#8221;Przycisk&#8221; button_url=&#8221;http:\/\/anexph.pl\/index.php\/aktualnosci-2-2\/&#8221; url_new_window=&#8221;off&#8221; button_text=&#8221;Nast\u0119pne&#8221; button_alignment=&#8221;left&#8221; background_layout=&#8221;light&#8221; custom_button=&#8221;off&#8221; button_letter_spacing=&#8221;0&#8243; button_use_icon=&#8221;default&#8221; button_icon_placement=&#8221;right&#8221; button_on_hover=&#8221;on&#8221; button_letter_spacing_hover=&#8221;0&#8243;]<\/p>\n<p>&nbsp;<\/p>\n<p>[\/et_pb_button][\/et_pb_column][\/et_pb_row][\/et_pb_section]<\/p>\n","protected":false},"excerpt":{"rendered":"<p>[et_pb_section admin_label=&#8221;section&#8221;][et_pb_row admin_label=&#8221;row&#8221; make_fullwidth=&#8221;off&#8221; use_custom_width=&#8221;off&#8221; width_unit=&#8221;on&#8221; use_custom_gutter=&#8221;off&#8221; allow_player_pause=&#8221;off&#8221; parallax=&#8221;off&#8221; parallax_method=&#8221;off&#8221; make_equal=&#8221;off&#8221; parallax_1=&#8221;off&#8221; parallax_method_1=&#8221;off&#8221;][et_pb_column type=&#8221;4_4&#8243;][et_pb_text admin_label=&#8221;aktualno\u015bci&#8221; background_layout=&#8221;light&#8221; text_orientation=&#8221;left&#8221; text_font=&#8221;Arial|||on|&#8221; text_font_size=&#8221;42&#8243; text_text_color=&#8221;#65a571&#8243; use_border_color=&#8221;off&#8221; border_color=&#8221;#ffffff&#8221; border_style=&#8221;solid&#8221; custom_margin=&#8221;|||125px&#8221; header_font_size=&#8221;50px&#8221;] AKTUALNO\u015aCI [\/et_pb_text][et_pb_divider admin_label=&#8221;Separator&#8221; color=&#8221;#000000&#8243; show_divider=&#8221;on&#8221; divider_style=&#8221;solid&#8221; divider_position=&#8221;top&#8221; hide_on_mobile=&#8221;on&#8221;] &nbsp; [\/et_pb_divider][\/et_pb_column][\/et_pb_row][et_pb_row admin_label=&#8221;Wiersz&#8221;][et_pb_column type=&#8221;4_4&#8243;][et_pb_code admin_label=&#8221;Kod&#8221;][\/et_pb_code][\/et_pb_column][\/et_pb_row][\/et_pb_section][et_pb_section admin_label=&#8221;Sekcja&#8221; fullwidth=&#8221;off&#8221; specialty=&#8221;off&#8221;][et_pb_row admin_label=&#8221;Wiersz&#8221;][et_pb_column type=&#8221;1_2&#8243;][\/et_pb_column][et_pb_column type=&#8221;1_2&#8243;][et_pb_button admin_label=&#8221;Przycisk&#8221; button_url=&#8221;http:\/\/anexph.pl\/index.php\/aktualnosci-2-2\/&#8221; url_new_window=&#8221;off&#8221; button_text=&#8221;Nast\u0119pne&#8221; button_alignment=&#8221;left&#8221; background_layout=&#8221;light&#8221; custom_button=&#8221;off&#8221; button_letter_spacing=&#8221;0&#8243; button_use_icon=&#8221;default&#8221; button_icon_placement=&#8221;right&#8221; button_on_hover=&#8221;on&#8221; [&hellip;]<\/p>\n","protected":false},"author":1,"featured_media":0,"parent":0,"menu_order":0,"comment_status":"closed","ping_status":"closed","template":"","meta":[],"_links":{"self":[{"href":"https:\/\/anexph.pl\/index.php\/wp-json\/wp\/v2\/pages\/2050"}],"collection":[{"href":"https:\/\/anexph.pl\/index.php\/wp-json\/wp\/v2\/pages"}],"about":[{"href":"https:\/\/anexph.pl\/index.php\/wp-json\/wp\/v2\/types\/page"}],"author":[{"embeddable":true,"href":"https:\/\/anexph.pl\/index.php\/wp-json\/wp\/v2\/users\/1"}],"replies":[{"embeddable":true,"href":"https:\/\/anexph.pl\/index.php\/wp-json\/wp\/v2\/comments?post=2050"}],"version-history":[{"count":14,"href":"https:\/\/anexph.pl\/index.php\/wp-json\/wp\/v2\/pages\/2050\/revisions"}],"predecessor-version":[{"id":2351,"href":"https:\/\/anexph.pl\/index.php\/wp-json\/wp\/v2\/pages\/2050\/revisions\/2351"}],"wp:attachment":[{"href":"https:\/\/anexph.pl\/index.php\/wp-json\/wp\/v2\/media?parent=2050"}],"curies":[{"name":"wp","href":"https:\/\/api.w.org\/{rel}","templated":true}]}}