{"id":37,"date":"2017-03-14T13:33:39","date_gmt":"2017-03-14T12:33:39","guid":{"rendered":"http:\/\/serwer1421977.home.pl\/marzec17\/mgstudio\/?page_id=37"},"modified":"2021-10-27T09:14:52","modified_gmt":"2021-10-27T07:14:52","slug":"start-2-2","status":"publish","type":"page","link":"https:\/\/anexph.pl\/","title":{"rendered":"START"},"content":{"rendered":"<p>[et_pb_section transparent_background=&#8221;off&#8221; background_color=&#8221;#f8d892&#8243; allow_player_pause=&#8221;off&#8221; inner_shadow=&#8221;off&#8221; parallax=&#8221;off&#8221; parallax_method=&#8221;off&#8221; make_fullwidth=&#8221;off&#8221; use_custom_width=&#8221;off&#8221; width_unit=&#8221;on&#8221; custom_width_px=&#8221;1080px&#8221; custom_width_percent=&#8221;80%&#8221; make_equal=&#8221;off&#8221; use_custom_gutter=&#8221;off&#8221; fullwidth=&#8221;off&#8221; specialty=&#8221;off&#8221; admin_label=&#8221;Sekcja&#8221; custom_css_before=&#8221;margin-top:-4%;&#8221; custom_css_main_element=&#8221;margin-top:-4%;&#8221; custom_css_after=&#8221;margin-top:-4%;&#8221; disabled=&#8221;off&#8221;][et_pb_row make_fullwidth=&#8221;off&#8221; use_custom_width=&#8221;off&#8221; width_unit=&#8221;off&#8221; custom_width_px=&#8221;1080px&#8221; custom_width_percent=&#8221;80%&#8221; use_custom_gutter=&#8221;off&#8221; gutter_width=&#8221;3&#8243; allow_player_pause=&#8221;off&#8221; parallax=&#8221;off&#8221; parallax_method=&#8221;on&#8221; make_equal=&#8221;off&#8221; parallax_1=&#8221;off&#8221; parallax_method_1=&#8221;on&#8221; parallax_2=&#8221;off&#8221; parallax_method_2=&#8221;on&#8221; parallax_3=&#8221;off&#8221; parallax_method_3=&#8221;on&#8221; parallax_4=&#8221;off&#8221; parallax_method_4=&#8221;on&#8221; admin_label=&#8221;Wiersz&#8221; disabled=&#8221;off&#8221;][et_pb_column type=&#8221;4_4&#8243; disabled=&#8221;off&#8221; parallax=&#8221;off&#8221; parallax_method=&#8221;on&#8221;][et_pb_image src=&#8221;http:\/\/www.kamienpomorski.org\/logo.png&#8221; show_in_lightbox=&#8221;off&#8221; url=&#8221;http:\/\/anexph.pl&#8221; url_new_window=&#8221;off&#8221; use_overlay=&#8221;off&#8221; animation=&#8221;off&#8221; sticky=&#8221;on&#8221; align=&#8221;center&#8221; force_fullwidth=&#8221;on&#8221; always_center_on_mobile=&#8221;on&#8221; admin_label=&#8221;Obraz&#8221; use_border_color=&#8221;off&#8221; border_color=&#8221;#ffffff&#8221; border_width=&#8221;1px&#8221; border_style=&#8221;solid&#8221; disabled=&#8221;off&#8221;]<\/p>\n<p>[\/et_pb_image][\/et_pb_column][\/et_pb_row][\/et_pb_section][et_pb_section transparent_background=&#8221;off&#8221; allow_player_pause=&#8221;off&#8221; inner_shadow=&#8221;off&#8221; parallax=&#8221;off&#8221; parallax_method=&#8221;on&#8221; make_fullwidth=&#8221;off&#8221; use_custom_width=&#8221;off&#8221; width_unit=&#8221;off&#8221; custom_width_px=&#8221;1080px&#8221; custom_width_percent=&#8221;80%&#8221; make_equal=&#8221;off&#8221; use_custom_gutter=&#8221;off&#8221; fullwidth=&#8221;on&#8221; specialty=&#8221;off&#8221; admin_label=&#8221;Sekcja&#8221; disabled=&#8221;off&#8221;][et_pb_fullwidth_slider show_arrows=&#8221;on&#8221; show_pagination=&#8221;on&#8221; auto=&#8221;off&#8221; auto_speed=&#8221;7000&#8243; auto_ignore_hover=&#8221;off&#8221; parallax=&#8221;off&#8221; parallax_method=&#8221;off&#8221; remove_inner_shadow=&#8221;off&#8221; background_position=&#8221;default&#8221; background_size=&#8221;default&#8221; hide_content_on_mobile=&#8221;off&#8221; hide_cta_on_mobile=&#8221;off&#8221; show_image_video_mobile=&#8221;off&#8221; admin_label=&#8221;Slider pe\u0142nej szeroko\u015bci&#8221; custom_button=&#8221;off&#8221; button_text_size=&#8221;20&#8243; button_letter_spacing=&#8221;0&#8243; button_use_icon=&#8221;default&#8221; button_icon_placement=&#8221;right&#8221; button_on_hover=&#8221;on&#8221; button_letter_spacing_hover=&#8221;0&#8243; disabled=&#8221;off&#8221;][et_pb_slide button_link=&#8221;#&#8221; background_image=&#8221;http:\/\/beta.anexph.pl\/wp-content\/uploads\/2017\/04\/foto-1-strona-gl\u00f3wna.jpg&#8221; background_position=&#8221;center&#8221; background_size=&#8221;default&#8221; background_color=&#8221;#ffffff&#8221; use_bg_overlay=&#8221;off&#8221; use_text_overlay=&#8221;off&#8221; alignment=&#8221;center&#8221; background_layout=&#8221;dark&#8221; allow_player_pause=&#8221;off&#8221; text_border_radius=&#8221;3&#8243; header_font=&#8221;||||&#8221; body_font=&#8221;||||&#8221; custom_button=&#8221;off&#8221; button_font=&#8221;||||&#8221; button_use_icon=&#8221;default&#8221; button_icon_placement=&#8221;right&#8221; button_on_hover=&#8221;on&#8221; custom_css_before=&#8221;height:450px;&#8221; custom_css_main_element=&#8221;height:450px;&#8221; custom_css_after=&#8221;height:450px;&#8221; disabled=&#8221;off&#8221;] [\/et_pb_slide][\/et_pb_fullwidth_slider][\/et_pb_section][et_pb_section transparent_background=&#8221;off&#8221; background_color=&#8221;rgba(255,255,255,0)&#8221; allow_player_pause=&#8221;off&#8221; inner_shadow=&#8221;off&#8221; parallax=&#8221;off&#8221; parallax_method=&#8221;off&#8221; custom_padding=&#8221;-35px|||&#8221; make_fullwidth=&#8221;off&#8221; use_custom_width=&#8221;off&#8221; width_unit=&#8221;on&#8221; custom_width_px=&#8221;1080px&#8221; custom_width_percent=&#8221;80%&#8221; make_equal=&#8221;off&#8221; use_custom_gutter=&#8221;off&#8221; fullwidth=&#8221;on&#8221; specialty=&#8221;off&#8221; admin_label=&#8221;Sekcja&#8221; disabled=&#8221;off&#8221;][et_pb_fullwidth_menu menu_id=&#8221;none&#8221; background_color=&#8221;#f9d893&#8243; background_layout=&#8221;light&#8221; text_orientation=&#8221;center&#8221; submenu_direction=&#8221;downwards&#8221; fullwidth_menu=&#8221;on&#8221; dropdown_menu_animation=&#8221;fade&#8221; admin_label=&#8221;Menu pe\u0142nej szeroko\u015bci&#8221; menu_font=&#8221;Arimo|on||on|&#8221; menu_font_size=&#8221;16px&#8221; menu_text_color=&#8221;#000000&#8243; menu_letter_spacing=&#8221;0px&#8221; menu_line_height=&#8221;1em&#8221; custom_css_before=&#8221;width:80%;&#8221; custom_css_main_element=&#8221;width:80%;||margin-top:-40px;&#8221; custom_css_after=&#8221;width:80%;&#8221; disabled=&#8221;off&#8221;]<\/p>\n<p>[\/et_pb_fullwidth_menu][\/et_pb_section][et_pb_section transparent_background=&#8221;off&#8221; allow_player_pause=&#8221;off&#8221; inner_shadow=&#8221;off&#8221; parallax=&#8221;off&#8221; parallax_method=&#8221;off&#8221; make_fullwidth=&#8221;off&#8221; use_custom_width=&#8221;off&#8221; width_unit=&#8221;on&#8221; custom_width_px=&#8221;1080px&#8221; custom_width_percent=&#8221;80%&#8221; make_equal=&#8221;off&#8221; use_custom_gutter=&#8221;off&#8221; fullwidth=&#8221;off&#8221; specialty=&#8221;off&#8221; admin_label=&#8221;section&#8221; disabled=&#8221;off&#8221;][et_pb_row make_fullwidth=&#8221;off&#8221; use_custom_width=&#8221;off&#8221; width_unit=&#8221;on&#8221; custom_width_px=&#8221;1080px&#8221; custom_width_percent=&#8221;80%&#8221; use_custom_gutter=&#8221;off&#8221; gutter_width=&#8221;3&#8243; allow_player_pause=&#8221;off&#8221; parallax=&#8221;off&#8221; parallax_method=&#8221;off&#8221; make_equal=&#8221;off&#8221; parallax_1=&#8221;off&#8221; parallax_method_1=&#8221;off&#8221; parallax_2=&#8221;off&#8221; parallax_method_2=&#8221;off&#8221; parallax_3=&#8221;off&#8221; parallax_method_3=&#8221;off&#8221; parallax_4=&#8221;off&#8221; parallax_method_4=&#8221;on&#8221; admin_label=&#8221;Wiersz&#8221; disabled=&#8221;off&#8221;][et_pb_column type=&#8221;1_3&#8243; disabled=&#8221;off&#8221; parallax=&#8221;off&#8221; parallax_method=&#8221;off&#8221;][et_pb_text background_layout=&#8221;light&#8221; text_orientation=&#8221;center&#8221; admin_label=&#8221;Tekst&#8221; header_font=&#8221;Poiret One||||&#8221; text_font=&#8221;Comfortaa||||&#8221; use_border_color=&#8221;off&#8221; border_style=&#8221;solid&#8221; disabled=&#8221;off&#8221;]<\/p>\n<h3><span style=\"color: #0000ff;\"><a style=\"color: #0000ff;\" href=\"http:\/\/anexph.pl\/index.php\/produkcja\/\"><strong>SUROWCE <\/strong><\/a><\/span><span style=\"color: #0000ff;\"><strong>DO PRODUKCJI<\/strong><\/span><\/h3>\n<h3><span style=\"color: #0000ff;\"><strong>LOD\u00d3W I CIAST<\/strong><\/span><\/h3>\n<p>[\/et_pb_text][et_pb_image src=&#8221;http:\/\/anexph.pl\/wp-content\/uploads\/2018\/01\/1a.jpg&#8221; show_in_lightbox=&#8221;off&#8221; url=&#8221;http:\/\/anexph.pl\/index.php\/produkcja\/&#8221; url_new_window=&#8221;off&#8221; use_overlay=&#8221;off&#8221; animation=&#8221;fade_in&#8221; sticky=&#8221;off&#8221; align=&#8221;center&#8221; force_fullwidth=&#8221;off&#8221; always_center_on_mobile=&#8221;on&#8221; admin_label=&#8221;Obraz&#8221; use_border_color=&#8221;off&#8221; border_color=&#8221;#ffffff&#8221; border_width=&#8221;1px&#8221; border_style=&#8221;solid&#8221; disabled=&#8221;off&#8221;]<\/p>\n<p>[\/et_pb_image][\/et_pb_column][et_pb_column type=&#8221;1_3&#8243; disabled=&#8221;off&#8221; parallax=&#8221;off&#8221; parallax_method=&#8221;off&#8221;][et_pb_text background_layout=&#8221;light&#8221; text_orientation=&#8221;center&#8221; admin_label=&#8221;Tekst&#8221; text_font=&#8221;Comfortaa||||&#8221; use_border_color=&#8221;off&#8221; border_style=&#8221;solid&#8221; disabled=&#8221;off&#8221;]<\/p>\n<h3><span style=\"color: #0000ff;\"><a style=\"color: #0000ff;\" href=\"http:\/\/anexph.pl\/index.php\/wafle\/\"><strong>WAFLE, POLEWY<\/strong><\/a><\/span><\/h3>\n<h3><span style=\"color: #0000ff;\"><strong>POSYPKI<\/strong><\/span><\/h3>\n<p>[\/et_pb_text][et_pb_image src=&#8221;http:\/\/anexph.pl\/wp-content\/uploads\/2017\/04\/foto2-1.jpg&#8221; show_in_lightbox=&#8221;off&#8221; url=&#8221;http:\/\/anexph.pl\/index.php\/WAFLE\/&#8221; url_new_window=&#8221;off&#8221; use_overlay=&#8221;off&#8221; animation=&#8221;fade_in&#8221; sticky=&#8221;off&#8221; align=&#8221;center&#8221; force_fullwidth=&#8221;off&#8221; always_center_on_mobile=&#8221;on&#8221; admin_label=&#8221;Obraz&#8221; use_border_color=&#8221;off&#8221; border_color=&#8221;#ffffff&#8221; border_width=&#8221;1px&#8221; border_style=&#8221;solid&#8221; disabled=&#8221;off&#8221;]<\/p>\n<p>[\/et_pb_image][\/et_pb_column][et_pb_column type=&#8221;1_3&#8243; disabled=&#8221;off&#8221; parallax=&#8221;off&#8221; parallax_method=&#8221;off&#8221;][et_pb_text background_layout=&#8221;light&#8221; text_orientation=&#8221;center&#8221; admin_label=&#8221;Tekst&#8221; header_line_height=&#8221;2.8em&#8221; text_font=&#8221;Comfortaa||||&#8221; use_border_color=&#8221;off&#8221; border_style=&#8221;solid&#8221; disabled=&#8221;off&#8221;]<\/p>\n<h3><span style=\"color: #0000ff;\"><a style=\"color: #0000ff;\" href=\"http:\/\/anexph.pl\/index.php\/kawa\/\"><strong>KAWY, HERBATY<\/strong><\/a><\/span><\/h3>\n<h3><span style=\"color: #0000ff;\"><strong>DODATKI<\/strong><\/span><\/h3>\n<p>[\/et_pb_text][et_pb_image src=&#8221;http:\/\/anexph.pl\/wp-content\/uploads\/2018\/01\/3a.jpg&#8221; show_in_lightbox=&#8221;off&#8221; url=&#8221;http:\/\/anexph.pl\/index.php\/kawa\/&#8221; url_new_window=&#8221;off&#8221; use_overlay=&#8221;off&#8221; animation=&#8221;fade_in&#8221; sticky=&#8221;off&#8221; align=&#8221;center&#8221; force_fullwidth=&#8221;off&#8221; always_center_on_mobile=&#8221;on&#8221; admin_label=&#8221;Obraz&#8221; use_border_color=&#8221;off&#8221; border_color=&#8221;#ffffff&#8221; border_width=&#8221;1px&#8221; border_style=&#8221;solid&#8221; disabled=&#8221;off&#8221;]<\/p>\n<p>[\/et_pb_image][\/et_pb_column][\/et_pb_row][et_pb_row make_fullwidth=&#8221;off&#8221; use_custom_width=&#8221;off&#8221; width_unit=&#8221;off&#8221; custom_width_px=&#8221;1080px&#8221; custom_width_percent=&#8221;80%&#8221; use_custom_gutter=&#8221;off&#8221; gutter_width=&#8221;3&#8243; custom_padding=&#8221;39.8667px|0px|2px|0px&#8221; allow_player_pause=&#8221;off&#8221; parallax=&#8221;off&#8221; parallax_method=&#8221;on&#8221; make_equal=&#8221;off&#8221; parallax_1=&#8221;off&#8221; parallax_method_1=&#8221;on&#8221; parallax_2=&#8221;off&#8221; parallax_method_2=&#8221;on&#8221; parallax_3=&#8221;off&#8221; parallax_method_3=&#8221;on&#8221; parallax_4=&#8221;off&#8221; parallax_method_4=&#8221;on&#8221; admin_label=&#8221;row&#8221; disabled=&#8221;off&#8221;][et_pb_column type=&#8221;4_4&#8243; disabled=&#8221;off&#8221; parallax=&#8221;off&#8221; parallax_method=&#8221;on&#8221;][et_pb_divider color=&#8221;#0c71c3&#8243; show_divider=&#8221;on&#8221; divider_style=&#8221;solid&#8221; divider_position=&#8221;top&#8221; divider_weight=&#8221;1px&#8221; hide_on_mobile=&#8221;on&#8221; admin_label=&#8221;Separator&#8221; disabled=&#8221;off&#8221;]<\/p>\n<p>[\/et_pb_divider][et_pb_text background_layout=&#8221;light&#8221; text_orientation=&#8221;left&#8221; admin_label=&#8221;Tekst&#8221; text_font=&#8221;Arial|||on|&#8221; text_font_size=&#8221;42&#8243; text_text_color=&#8221;#d9b135&#8243; use_border_color=&#8221;off&#8221; border_style=&#8221;solid&#8221; disabled=&#8221;off&#8221;]<\/p>\n<p>Pozostajemy w dyspozycji pod numerami :<\/p>\n<p>519 162 022; 519 162 023;&nbsp; Szczecin 519 162 024<\/p>\n<p style=\"text-align: center;\"><strong><span style=\"font-size: small; color: #000000;\">Przedsi\u0119biorca uzyska\u0142 subwencj\u0119 finansow\u0105 w ramach programu rz\u0105dowego <\/span><\/strong> <strong><span style=\"font-size: small; color: #000000;\"> \u201cTarcza Finansowa 2.0 Polskiego Funduszy rozwoju dla Mikro, Ma\u0142ych i \u015arednich Firm\u201d udzielon\u0105 przez PFR SA.<\/span><\/strong><\/p>\n<p class=\"et-fb-mce-line-break-holder\" style=\"text-align: center;\">\n<p>[\/et_pb_text][\/et_pb_column][\/et_pb_row][et_pb_row make_fullwidth=&#8221;off&#8221; use_custom_width=&#8221;off&#8221; width_unit=&#8221;off&#8221; custom_width_px=&#8221;1080px&#8221; custom_width_percent=&#8221;80%&#8221; use_custom_gutter=&#8221;off&#8221; gutter_width=&#8221;3&#8243; allow_player_pause=&#8221;off&#8221; parallax=&#8221;off&#8221; parallax_method=&#8221;on&#8221; make_equal=&#8221;off&#8221; parallax_1=&#8221;off&#8221; parallax_method_1=&#8221;on&#8221; parallax_2=&#8221;off&#8221; parallax_method_2=&#8221;on&#8221; parallax_3=&#8221;off&#8221; parallax_method_3=&#8221;on&#8221; parallax_4=&#8221;off&#8221; parallax_method_4=&#8221;on&#8221;][et_pb_column type=&#8221;4_4&#8243; parallax=&#8221;off&#8221; parallax_method=&#8221;on&#8221;][et_pb_gallery gallery_ids=&#8221;2590&#8243; fullwidth=&#8221;off&#8221; posts_number=&#8221;4&#8243; show_title_and_caption=&#8221;off&#8221; show_pagination=&#8221;on&#8221; background_layout=&#8221;light&#8221; auto=&#8221;off&#8221; auto_speed=&#8221;7000&#8243;][\/et_pb_gallery][\/et_pb_column][\/et_pb_row][et_pb_row make_fullwidth=&#8221;on&#8221; use_custom_width=&#8221;off&#8221; width_unit=&#8221;on&#8221; custom_width_px=&#8221;1080px&#8221; custom_width_percent=&#8221;80%&#8221; use_custom_gutter=&#8221;off&#8221; gutter_width=&#8221;3&#8243; allow_player_pause=&#8221;off&#8221; parallax=&#8221;off&#8221; parallax_method=&#8221;off&#8221; make_equal=&#8221;off&#8221; background_color_1=&#8221;#ffffff&#8221; background_color_2=&#8221;#ffffff&#8221; padding_top_1=&#8221;50px&#8221; padding_right_1=&#8221;50px&#8221; padding_bottom_1=&#8221;135px&#8221; padding_left_1=&#8221;50px&#8221; padding_top_2=&#8221;50px&#8221; padding_right_2=&#8221;50px&#8221; padding_bottom_2=&#8221;50px&#8221; padding_left_2=&#8221;50px&#8221; parallax_1=&#8221;off&#8221; parallax_method_1=&#8221;off&#8221; parallax_2=&#8221;off&#8221; parallax_method_2=&#8221;off&#8221; parallax_3=&#8221;off&#8221; parallax_method_3=&#8221;on&#8221; parallax_4=&#8221;off&#8221; parallax_method_4=&#8221;on&#8221; admin_label=&#8221;Wiersz&#8221; disabled=&#8221;off&#8221;][et_pb_column type=&#8221;1_2&#8243; disabled=&#8221;off&#8221; background_color=&#8221;#ffffff&#8221; padding_bottom=&#8221;135px&#8221; padding_left=&#8221;50px&#8221; padding_right=&#8221;50px&#8221; padding_top=&#8221;50px&#8221; parallax=&#8221;off&#8221; parallax_method=&#8221;off&#8221;][et_pb_text background_layout=&#8221;light&#8221; text_orientation=&#8221;left&#8221; admin_label=&#8221;Tekst&#8221; use_border_color=&#8221;off&#8221; border_style=&#8221;solid&#8221; disabled=&#8221;off&#8221;]<\/p>\n<div class=\"et_pb_text et_pb_module et_pb_bg_layout_light et_pb_text_align_right et_pb_text_4\">\n<h4 style=\"text-align: right;\"><strong><span style=\"color: #0000ff;\">ODDZIA\u0141 SZCZECIN<\/span><\/strong><\/h4>\n<h6 style=\"text-align: right;\"><span style=\"color: #000000;\"><strong>ul. Modra 32<\/strong><\/span><\/h6>\n<p style=\"text-align: right;\"><strong>tel. 91 420 11 77<\/strong><\/p>\n<p style=\"text-align: right;\"><span style=\"color: #000000;\"><strong>519 162 024 <\/strong><\/span><\/p>\n<p style=\"text-align: right;\"><span style=\"color: #000000;\"><strong>e-mail: info@anexph.pl<\/strong><\/span><\/p>\n<p class=\"et-fb-mce-line-break-holder\" style=\"text-align: right;\"><span style=\"color: #000000;\">&nbsp;<\/span><\/p>\n<p style=\"text-align: right;\"><span style=\"color: #000000;\">&nbsp;<\/span><\/p>\n<\/div>\n<p>[\/et_pb_text][\/et_pb_column][et_pb_column type=&#8221;1_2&#8243; disabled=&#8221;off&#8221; background_color=&#8221;#ffffff&#8221; padding_bottom=&#8221;50px&#8221; padding_left=&#8221;50px&#8221; padding_right=&#8221;50px&#8221; padding_top=&#8221;50px&#8221; parallax=&#8221;off&#8221; parallax_method=&#8221;off&#8221;][et_pb_text background_layout=&#8221;light&#8221; text_orientation=&#8221;left&#8221; admin_label=&#8221;Tekst&#8221; header_font=&#8221;Patrick Hand||||&#8221; header_text_color=&#8221;#000000&#8243; text_font=&#8221;Verdana||||&#8221; text_text_color=&#8221;#000000&#8243; use_border_color=&#8221;off&#8221; border_style=&#8221;solid&#8221; disabled=&#8221;off&#8221;]<\/p>\n<h4><span style=\"color: #0000ff;\"><strong>WYBRZE\u017bE<\/strong><\/span><\/h4>\n<h6><strong>KAMIE\u0143 POMORSKI ul. Chopina 69 <\/strong><\/h6>\n<p><strong>&nbsp;tel. 91 38 23 313; 91 32 20 748<br \/>\n<\/strong><\/p>\n<p><strong>519 162 022 \/ 519 162 023<\/strong><\/p>\n<p><strong>e-mail: sprzedaz@anexph.pl<\/strong><\/p>\n<p>[\/et_pb_text][\/et_pb_column][\/et_pb_row][\/et_pb_section]<\/p>\n","protected":false},"excerpt":{"rendered":"<p>[et_pb_section transparent_background=&#8221;off&#8221; background_color=&#8221;#f8d892&#8243; allow_player_pause=&#8221;off&#8221; inner_shadow=&#8221;off&#8221; parallax=&#8221;off&#8221; parallax_method=&#8221;off&#8221; make_fullwidth=&#8221;off&#8221; use_custom_width=&#8221;off&#8221; width_unit=&#8221;on&#8221; custom_width_px=&#8221;1080px&#8221; custom_width_percent=&#8221;80%&#8221; make_equal=&#8221;off&#8221; use_custom_gutter=&#8221;off&#8221; fullwidth=&#8221;off&#8221; specialty=&#8221;off&#8221; admin_label=&#8221;Sekcja&#8221; custom_css_before=&#8221;margin-top:-4%;&#8221; custom_css_main_element=&#8221;margin-top:-4%;&#8221; custom_css_after=&#8221;margin-top:-4%;&#8221; disabled=&#8221;off&#8221;][et_pb_row make_fullwidth=&#8221;off&#8221; use_custom_width=&#8221;off&#8221; width_unit=&#8221;off&#8221; custom_width_px=&#8221;1080px&#8221; custom_width_percent=&#8221;80%&#8221; use_custom_gutter=&#8221;off&#8221; gutter_width=&#8221;3&#8243; allow_player_pause=&#8221;off&#8221; parallax=&#8221;off&#8221; parallax_method=&#8221;on&#8221; make_equal=&#8221;off&#8221; parallax_1=&#8221;off&#8221; parallax_method_1=&#8221;on&#8221; parallax_2=&#8221;off&#8221; parallax_method_2=&#8221;on&#8221; parallax_3=&#8221;off&#8221; parallax_method_3=&#8221;on&#8221; parallax_4=&#8221;off&#8221; parallax_method_4=&#8221;on&#8221; admin_label=&#8221;Wiersz&#8221; disabled=&#8221;off&#8221;][et_pb_column type=&#8221;4_4&#8243; disabled=&#8221;off&#8221; parallax=&#8221;off&#8221; parallax_method=&#8221;on&#8221;][et_pb_image src=&#8221;http:\/\/www.kamienpomorski.org\/logo.png&#8221; show_in_lightbox=&#8221;off&#8221; url=&#8221;http:\/\/anexph.pl&#8221; url_new_window=&#8221;off&#8221; use_overlay=&#8221;off&#8221; animation=&#8221;off&#8221; sticky=&#8221;on&#8221; align=&#8221;center&#8221; force_fullwidth=&#8221;on&#8221; [&hellip;]<\/p>\n","protected":false},"author":1,"featured_media":0,"parent":0,"menu_order":0,"comment_status":"closed","ping_status":"closed","template":"page-template-blank.php","meta":[],"_links":{"self":[{"href":"https:\/\/anexph.pl\/index.php\/wp-json\/wp\/v2\/pages\/37"}],"collection":[{"href":"https:\/\/anexph.pl\/index.php\/wp-json\/wp\/v2\/pages"}],"about":[{"href":"https:\/\/anexph.pl\/index.php\/wp-json\/wp\/v2\/types\/page"}],"author":[{"embeddable":true,"href":"https:\/\/anexph.pl\/index.php\/wp-json\/wp\/v2\/users\/1"}],"replies":[{"embeddable":true,"href":"https:\/\/anexph.pl\/index.php\/wp-json\/wp\/v2\/comments?post=37"}],"version-history":[{"count":137,"href":"https:\/\/anexph.pl\/index.php\/wp-json\/wp\/v2\/pages\/37\/revisions"}],"predecessor-version":[{"id":2597,"href":"https:\/\/anexph.pl\/index.php\/wp-json\/wp\/v2\/pages\/37\/revisions\/2597"}],"wp:attachment":[{"href":"https:\/\/anexph.pl\/index.php\/wp-json\/wp\/v2\/media?parent=37"}],"curies":[{"name":"wp","href":"https:\/\/api.w.org\/{rel}","templated":true}]}}